{"id":1699,"date":"2026-01-24T16:37:02","date_gmt":"2026-01-24T16:37:02","guid":{"rendered":"https:\/\/berlinside.ch\/?page_id=1699"},"modified":"2026-01-24T16:37:03","modified_gmt":"2026-01-24T16:37:03","slug":"politique-de-confidentialite","status":"publish","type":"page","link":"https:\/\/berlinside.ch\/en\/politique-de-confidentialite\/","title":{"rendered":"Politique de confidentialit\u00e9"},"content":{"rendered":"\n<hr class=\"wp-block-separator has-alpha-channel-opacity\"\/>\n\n\n\n<h2 class=\"wp-block-heading\">\ud83d\udce9 Newsletter et communications par email<\/h2>\n\n\n\n<p>Lorsque vous vous inscrivez \u00e0 la newsletter de BerlinSide, nous collectons uniquement votre adresse email.<br>Cette donn\u00e9e est utilis\u00e9e <strong>uniquement<\/strong> pour vous envoyer :<\/p>\n\n\n\n<ul class=\"wp-block-list\">\n<li>nos newsletters,<\/li>\n\n\n\n<li>des informations sur des tendances mode, \u00e9v\u00e9nements, recommandations ou actualit\u00e9s li\u00e9es \u00e0 BerlinSide,<\/li>\n\n\n\n<li>des offres sp\u00e9ciales ou annonces en lien direct avec notre contenu.<\/li>\n<\/ul>\n\n\n\n<h3 class=\"wp-block-heading\">\ud83d\udd10 Base l\u00e9gale (RGPD)<\/h3>\n\n\n\n<p>L\u2019envoi de la newsletter repose sur <strong>votre consentement explicite<\/strong>, donn\u00e9 au moment de l\u2019inscription (art. 6(1)(a) RGPD).<\/p>\n\n\n\n<h3 class=\"wp-block-heading\">\u2709\ufe0f Double opt-in<\/h3>\n\n\n\n<p>Afin de garantir la validit\u00e9 de votre consentement, un email de confirmation vous est envoy\u00e9 apr\u00e8s votre inscription.<br>Votre abonnement n\u2019est activ\u00e9 qu\u2019apr\u00e8s validation via ce message.<\/p>\n\n\n\n<h3 class=\"wp-block-heading\">\u274c D\u00e9sinscription<\/h3>\n\n\n\n<p>Vous pouvez vous d\u00e9sinscrire <strong>\u00e0 tout moment<\/strong>, en cliquant sur le lien de d\u00e9sinscription pr\u00e9sent en bas de chaque email ou en nous contactant \u00e0 l\u2019adresse suivante :<br><strong>[met ici ton email de contact]<\/strong><\/p>\n\n\n\n<h3 class=\"wp-block-heading\">\ud83d\uddc2\ufe0f Conservation des donn\u00e9es<\/h3>\n\n\n\n<p>Votre adresse email est conserv\u00e9e tant que vous restez inscrite \u00e0 la newsletter.<br>En cas de d\u00e9sinscription, elle est automatiquement supprim\u00e9e de notre liste d\u2019envoi.<\/p>\n\n\n\n<h3 class=\"wp-block-heading\">\ud83e\udd1d Services tiers utilis\u00e9s<\/h3>\n\n\n\n<p>Pour l\u2019envoi de la newsletter, nous utilisons le service :<br><strong>The Newsletter Plugin (WordPress)<\/strong><br>Ce service traite votre email uniquement pour le compte de BerlinSide et n\u2019est pas autoris\u00e9 \u00e0 l\u2019utiliser \u00e0 d\u2019autres fins.<\/p>\n\n\n\n<h3 class=\"wp-block-heading\">\ud83d\udd12 Confidentialit\u00e9 &amp; s\u00e9curit\u00e9<\/h3>\n\n\n\n<p>Nous nous engageons \u00e0 prot\u00e9ger vos donn\u00e9es et \u00e0 ne jamais vendre, louer ou partager votre adresse email \u00e0 des tiers \u00e0 des fins commerciales.<\/p>\n","protected":false},"excerpt":{"rendered":"<p>\ud83d\udce9 Newsletter et communications par email Lorsque vous vous inscrivez \u00e0 la newsletter de BerlinSide, nous collectons uniquement votre adresse email.Cette donn\u00e9e est utilis\u00e9e uniquement pour vous envoyer : \ud83d\udd10 Base l\u00e9gale (RGPD) L\u2019envoi de la newsletter repose sur votre consentement explicite, donn\u00e9 au moment de l\u2019inscription (art. 6(1)(a) RGPD). \u2709\ufe0f Double opt-in Afin de [&hellip;]<\/p>\n","protected":false},"author":1,"featured_media":0,"parent":0,"menu_order":0,"comment_status":"closed","ping_status":"closed","template":"","meta":{"_uag_custom_page_level_css":"","site-sidebar-layout":"default","site-content-layout":"","ast-site-content-layout":"default","site-content-style":"default","site-sidebar-style":"default","ast-global-header-display":"","ast-banner-title-visibility":"","ast-main-header-display":"","ast-hfb-above-header-display":"","ast-hfb-below-header-display":"","ast-hfb-mobile-header-display":"","site-post-title":"","ast-breadcrumbs-content":"","ast-featured-img":"","footer-sml-layout":"","ast-disable-related-posts":"","theme-transparent-header-meta":"","adv-header-id-meta":"","stick-header-meta":"","header-above-stick-meta":"","header-main-stick-meta":"","header-below-stick-meta":"","astra-migrate-meta-layouts":"set","ast-page-background-enabled":"default","ast-page-background-meta":{"desktop":{"background-color":"","background-image":"","background-repeat":"repeat","background-position":"center center","background-size":"auto","background-attachment":"scroll","background-type":"","background-media":"","overlay-type":"","overlay-color":"","overlay-opacity":"","overlay-gradient":""},"tablet":{"background-color":"","background-image":"","background-repeat":"repeat","background-position":"center center","background-size":"auto","background-attachment":"scroll","background-type":"","background-media":"","overlay-type":"","overlay-color":"","overlay-opacity":"","overlay-gradient":""},"mobile":{"background-color":"","background-image":"","background-repeat":"repeat","background-position":"center center","background-size":"auto","background-attachment":"scroll","background-type":"","background-media":"","overlay-type":"","overlay-color":"","overlay-opacity":"","overlay-gradient":""}},"ast-content-background-meta":{"desktop":{"background-color":"var(--ast-global-color-5)","background-image":"","background-repeat":"repeat","background-position":"center center","background-size":"auto","background-attachment":"scroll","background-type":"","background-media":"","overlay-type":"","overlay-color":"","overlay-opacity":"","overlay-gradient":""},"tablet":{"background-color":"var(--ast-global-color-5)","background-image":"","background-repeat":"repeat","background-position":"center center","background-size":"auto","background-attachment":"scroll","background-type":"","background-media":"","overlay-type":"","overlay-color":"","overlay-opacity":"","overlay-gradient":""},"mobile":{"background-color":"var(--ast-global-color-5)","background-image":"","background-repeat":"repeat","background-position":"center center","background-size":"auto","background-attachment":"scroll","background-type":"","background-media":"","overlay-type":"","overlay-color":"","overlay-opacity":"","overlay-gradient":""}},"footnotes":""},"class_list":["post-1699","page","type-page","status-publish","hentry"],"yoast_head":"<!-- This site is optimized with the Yoast SEO plugin v27.4 - https:\/\/yoast.com\/product\/yoast-seo-wordpress\/ -->\n<title>Politique de confidentialit\u00e9 -<\/title>\n<meta name=\"robots\" content=\"index, follow, max-snippet:-1, max-image-preview:large, max-video-preview:-1\" \/>\n<link rel=\"canonical\" href=\"https:\/\/berlinside.ch\/en\/politique-de-confidentialite\/\" \/>\n<meta property=\"og:locale\" content=\"en_GB\" \/>\n<meta property=\"og:type\" content=\"article\" \/>\n<meta property=\"og:title\" content=\"Politique de confidentialit\u00e9 -\" \/>\n<meta property=\"og:description\" content=\"\ud83d\udce9 Newsletter et communications par email Lorsque vous vous inscrivez \u00e0 la newsletter de BerlinSide, nous collectons uniquement votre adresse email.Cette donn\u00e9e est utilis\u00e9e uniquement pour vous envoyer : \ud83d\udd10 Base l\u00e9gale (RGPD) L\u2019envoi de la newsletter repose sur votre consentement explicite, donn\u00e9 au moment de l\u2019inscription (art. 6(1)(a) RGPD). \u2709\ufe0f Double opt-in Afin de [&hellip;]\" \/>\n<meta property=\"og:url\" content=\"https:\/\/berlinside.ch\/en\/politique-de-confidentialite\/\" \/>\n<meta property=\"article:modified_time\" content=\"2026-01-24T16:37:03+00:00\" \/>\n<meta name=\"twitter:card\" content=\"summary_large_image\" \/>\n<meta name=\"twitter:label1\" content=\"Estimated reading time\" \/>\n\t<meta name=\"twitter:data1\" content=\"2 minutes\" \/>\n<script type=\"application\/ld+json\" class=\"yoast-schema-graph\">{\"@context\":\"https:\\\/\\\/schema.org\",\"@graph\":[{\"@type\":\"WebPage\",\"@id\":\"https:\\\/\\\/berlinside.ch\\\/politique-de-confidentialite\\\/\",\"url\":\"https:\\\/\\\/berlinside.ch\\\/politique-de-confidentialite\\\/\",\"name\":\"Politique de confidentialit\u00e9 -\",\"isPartOf\":{\"@id\":\"https:\\\/\\\/berlinside.ch\\\/#website\"},\"datePublished\":\"2026-01-24T16:37:02+00:00\",\"dateModified\":\"2026-01-24T16:37:03+00:00\",\"breadcrumb\":{\"@id\":\"https:\\\/\\\/berlinside.ch\\\/politique-de-confidentialite\\\/#breadcrumb\"},\"inLanguage\":\"en-GB\",\"potentialAction\":[{\"@type\":\"ReadAction\",\"target\":[\"https:\\\/\\\/berlinside.ch\\\/politique-de-confidentialite\\\/\"]}]},{\"@type\":\"BreadcrumbList\",\"@id\":\"https:\\\/\\\/berlinside.ch\\\/politique-de-confidentialite\\\/#breadcrumb\",\"itemListElement\":[{\"@type\":\"ListItem\",\"position\":1,\"name\":\"Accueil\",\"item\":\"https:\\\/\\\/berlinside.ch\\\/\"},{\"@type\":\"ListItem\",\"position\":2,\"name\":\"Politique de confidentialit\u00e9\"}]},{\"@type\":\"WebSite\",\"@id\":\"https:\\\/\\\/berlinside.ch\\\/#website\",\"url\":\"https:\\\/\\\/berlinside.ch\\\/\",\"name\":\"Berlinside\",\"description\":\"\",\"publisher\":{\"@id\":\"https:\\\/\\\/berlinside.ch\\\/#organization\"},\"potentialAction\":[{\"@type\":\"SearchAction\",\"target\":{\"@type\":\"EntryPoint\",\"urlTemplate\":\"https:\\\/\\\/berlinside.ch\\\/?s={search_term_string}\"},\"query-input\":{\"@type\":\"PropertyValueSpecification\",\"valueRequired\":true,\"valueName\":\"search_term_string\"}}],\"inLanguage\":\"en-GB\"},{\"@type\":\"Organization\",\"@id\":\"https:\\\/\\\/berlinside.ch\\\/#organization\",\"name\":\"Berlinside\",\"url\":\"https:\\\/\\\/berlinside.ch\\\/\",\"logo\":{\"@type\":\"ImageObject\",\"inLanguage\":\"en-GB\",\"@id\":\"https:\\\/\\\/berlinside.ch\\\/#\\\/schema\\\/logo\\\/image\\\/\",\"url\":\"https:\\\/\\\/berlinside.ch\\\/wp-content\\\/uploads\\\/2025\\\/12\\\/Design-sans-titre-1.jpg\",\"contentUrl\":\"https:\\\/\\\/berlinside.ch\\\/wp-content\\\/uploads\\\/2025\\\/12\\\/Design-sans-titre-1.jpg\",\"width\":1920,\"height\":1080,\"caption\":\"Berlinside\"},\"image\":{\"@id\":\"https:\\\/\\\/berlinside.ch\\\/#\\\/schema\\\/logo\\\/image\\\/\"}}]}<\/script>\n<!-- \/ Yoast SEO plugin. -->","yoast_head_json":{"title":"Politique de confidentialit\u00e9 -","robots":{"index":"index","follow":"follow","max-snippet":"max-snippet:-1","max-image-preview":"max-image-preview:large","max-video-preview":"max-video-preview:-1"},"canonical":"https:\/\/berlinside.ch\/en\/politique-de-confidentialite\/","og_locale":"en_GB","og_type":"article","og_title":"Politique de confidentialit\u00e9 -","og_description":"\ud83d\udce9 Newsletter et communications par email Lorsque vous vous inscrivez \u00e0 la newsletter de BerlinSide, nous collectons uniquement votre adresse email.Cette donn\u00e9e est utilis\u00e9e uniquement pour vous envoyer : \ud83d\udd10 Base l\u00e9gale (RGPD) L\u2019envoi de la newsletter repose sur votre consentement explicite, donn\u00e9 au moment de l\u2019inscription (art. 6(1)(a) RGPD). \u2709\ufe0f Double opt-in Afin de [&hellip;]","og_url":"https:\/\/berlinside.ch\/en\/politique-de-confidentialite\/","article_modified_time":"2026-01-24T16:37:03+00:00","twitter_card":"summary_large_image","twitter_misc":{"Estimated reading time":"2 minutes"},"schema":{"@context":"https:\/\/schema.org","@graph":[{"@type":"WebPage","@id":"https:\/\/berlinside.ch\/politique-de-confidentialite\/","url":"https:\/\/berlinside.ch\/politique-de-confidentialite\/","name":"Politique de confidentialit\u00e9 -","isPartOf":{"@id":"https:\/\/berlinside.ch\/#website"},"datePublished":"2026-01-24T16:37:02+00:00","dateModified":"2026-01-24T16:37:03+00:00","breadcrumb":{"@id":"https:\/\/berlinside.ch\/politique-de-confidentialite\/#breadcrumb"},"inLanguage":"en-GB","potentialAction":[{"@type":"ReadAction","target":["https:\/\/berlinside.ch\/politique-de-confidentialite\/"]}]},{"@type":"BreadcrumbList","@id":"https:\/\/berlinside.ch\/politique-de-confidentialite\/#breadcrumb","itemListElement":[{"@type":"ListItem","position":1,"name":"Accueil","item":"https:\/\/berlinside.ch\/"},{"@type":"ListItem","position":2,"name":"Politique de confidentialit\u00e9"}]},{"@type":"WebSite","@id":"https:\/\/berlinside.ch\/#website","url":"https:\/\/berlinside.ch\/","name":"Berlinside","description":"","publisher":{"@id":"https:\/\/berlinside.ch\/#organization"},"potentialAction":[{"@type":"SearchAction","target":{"@type":"EntryPoint","urlTemplate":"https:\/\/berlinside.ch\/?s={search_term_string}"},"query-input":{"@type":"PropertyValueSpecification","valueRequired":true,"valueName":"search_term_string"}}],"inLanguage":"en-GB"},{"@type":"Organization","@id":"https:\/\/berlinside.ch\/#organization","name":"Berlinside","url":"https:\/\/berlinside.ch\/","logo":{"@type":"ImageObject","inLanguage":"en-GB","@id":"https:\/\/berlinside.ch\/#\/schema\/logo\/image\/","url":"https:\/\/berlinside.ch\/wp-content\/uploads\/2025\/12\/Design-sans-titre-1.jpg","contentUrl":"https:\/\/berlinside.ch\/wp-content\/uploads\/2025\/12\/Design-sans-titre-1.jpg","width":1920,"height":1080,"caption":"Berlinside"},"image":{"@id":"https:\/\/berlinside.ch\/#\/schema\/logo\/image\/"}}]}},"uagb_featured_image_src":{"full":false,"thumbnail":false,"medium":false,"medium_large":false,"large":false,"1536x1536":false,"2048x2048":false,"trp-custom-language-flag":false},"uagb_author_info":{"display_name":"laura.fabbri","author_link":"https:\/\/berlinside.ch\/en\/author\/laura-fabbri\/"},"uagb_comment_info":0,"uagb_excerpt":"\ud83d\udce9 Newsletter et communications par email Lorsque vous vous inscrivez \u00e0 la newsletter de BerlinSide, nous collectons uniquement votre adresse email.Cette donn\u00e9e est utilis\u00e9e uniquement pour vous envoyer : \ud83d\udd10 Base l\u00e9gale (RGPD) L\u2019envoi de la newsletter repose sur votre consentement explicite, donn\u00e9 au moment de l\u2019inscription (art. 6(1)(a) RGPD). \u2709\ufe0f Double opt-in Afin de&hellip;","_links":{"self":[{"href":"https:\/\/berlinside.ch\/en\/wp-json\/wp\/v2\/pages\/1699","targetHints":{"allow":["GET"]}}],"collection":[{"href":"https:\/\/berlinside.ch\/en\/wp-json\/wp\/v2\/pages"}],"about":[{"href":"https:\/\/berlinside.ch\/en\/wp-json\/wp\/v2\/types\/page"}],"author":[{"embeddable":true,"href":"https:\/\/berlinside.ch\/en\/wp-json\/wp\/v2\/users\/1"}],"replies":[{"embeddable":true,"href":"https:\/\/berlinside.ch\/en\/wp-json\/wp\/v2\/comments?post=1699"}],"version-history":[{"count":1,"href":"https:\/\/berlinside.ch\/en\/wp-json\/wp\/v2\/pages\/1699\/revisions"}],"predecessor-version":[{"id":1700,"href":"https:\/\/berlinside.ch\/en\/wp-json\/wp\/v2\/pages\/1699\/revisions\/1700"}],"wp:attachment":[{"href":"https:\/\/berlinside.ch\/en\/wp-json\/wp\/v2\/media?parent=1699"}],"curies":[{"name":"wp","href":"https:\/\/api.w.org\/{rel}","templated":true}]}}